{"id":41,"date":"2021-04-19T17:44:04","date_gmt":"2021-04-19T17:44:04","guid":{"rendered":"https:\/\/bahnbasic.de\/?page_id=41"},"modified":"2022-01-04T18:36:41","modified_gmt":"2022-01-04T18:36:41","slug":"meister-fuer-bahnverkehr","status":"publish","type":"page","link":"https:\/\/bahnbasic.de\/?page_id=41","title":{"rendered":"Meister f\u00fcr Bahnverkehr"},"content":{"rendered":"\n<section id=\"gmeb9bcb8\" class=\"wp-block-gutentor-m5 section-gmeb9bcb8 gutentor-module gutentor-module-slider gutentor-slick-a-default-desktop gutentor-module-caption-enabled\"><div class=\"gutentor-module-slider-row\" data-dots=\"false\" data-dotstablet=\"false\" data-dotsmobile=\"false\" data-nextarrow=\"fas fa-angle-right\" data-prevarrow=\"fas fa-angle-left\" data-arrows=\"true\" data-arrowstablet=\"true\" data-arrowsmobile=\"true\" data-fade=\"false\" data-draggable=\"true\" data-infinite=\"false\" data-autoplay=\"false\" data-pauseonfocus=\"true\" data-pauseonhover=\"true\" data-speed=\"300\" data-autoplayspeed=\"300\" data-arrowspositiondesktop=\"gutentor-slick-a-default-desktop\">\n<div id=\"col-gmd0c401\" class=\"wp-block-gutentor-m5-col col-gmd0c401 gutentor-slider-item\"><div id=\"section-gmd0c401\" class=\"section-gmd0c401 gutentor-col-wrap has-image-normal has-custom-bg\"><img decoding=\"async\" src=\"https:\/\/bahnbasic.de\/wp-content\/uploads\/2021\/05\/2-2.jpg\" alt=\"\" \/><div class=\"gutentor-slider-caption\"><div class=\"grid-container\"><\/div><\/div><\/div><\/div>\n<\/div><\/section>\n\n\n\n<p><strong>Was ist der &#8222;Meister f\u00fcr Bahnverkehr<\/strong> &#8211; <strong>Bachelor Professional f\u00fcr Bahnverkehr (IHK)<\/strong>&#8222;<\/p>\n\n\n\n<p>Mitarbeiter mit eisenbahnspezifischen Berufen, wie bspw. Triebfahrzeugf\u00fchrer, Zugbegleiter, Disponenten oder Mitarbeiter aus der Instandhaltung, bietet die Fortbildung zum &#8222;Meister\/in f\u00fcr Bahnverkehr &#8211; Bachelor Professional f\u00fcr Bahnverkehr (IHK)&#8220; die M\u00f6glichkeit, aufzusteigen. <\/p>\n\n\n\n<p>Die&nbsp;sgd \u2013 Deutschlands f\u00fchrende Fernschule&nbsp;bietet in Kooperation mit der&nbsp;Deutschen Bahn (DB Training)&nbsp;den Fernlehrgang&nbsp;&nbsp;an. Mit seinem Fernunterrichtskonzept ist der Lehrgang genau auf Bed\u00fcrfnisse (bspw. freie Zeiteinteilung) der oben genannten Zielgruppe abgestimmt und erm\u00f6glicht das Ziel, sich zum&nbsp;\u201eMeister\/in f\u00fcr Bahnverkehr &#8211; Bachelor Professional f\u00fcr Bahnverkehr(IHK)\u201c&nbsp;zu qualifizieren.<\/p>\n\n\n\n<p>Meister\/-innen f\u00fcr Bahnverkehr sind verantwortlich f\u00fcr die&nbsp;reibungslose Bef\u00f6rderung&nbsp;von Personen und G\u00fctern auf dem Schienenweg. Sie stellen sicher, dass die&nbsp;Transportabl\u00e4ufe fachgerecht, betriebswirtschaftlich&nbsp;durchdacht und effizient erfolgen. Ebenso&nbsp;disponieren sie den Transport&nbsp;und sind f\u00fcr die&nbsp;Qualit\u00e4tssicherung&nbsp;verantwortlich.<\/p>\n\n\n\n<p>Sie kontrollieren die Arbeitsleistung sowie die Kostenentwicklung und achten auf Arbeits-, Brand- und Umweltschutzbestimmungen. Aufgrund ihrer leitenden Position sind &#8222;Meister\/-innen f\u00fcr Bahnverkehr&#8220; auch f\u00fcr die Einarbeitung und Ausbildung von Mitarbeiter\/-innen verantwortlich.<\/p>\n\n\n\n<p>Der Meister bietet so eine ideale M\u00f6glichkeit, sich f\u00fcr das mittlere Management (bspw. als Team- oder Gruppenleiter, Trainer) zu qualifizieren. Auch bieten manche Bundesl\u00e4nder die M\u00f6glichkeit, mit dem Meisterbrief bspw. ein Master-Studium zu absolvieren (bspw. Masterstudium &#8222;Europ\u00e4ische Bahnsysteme&#8220; an der FH Erfurt, FH St. P\u00f6lten und der ZHAW Winterthur)<\/p>\n\n\n\n<p><strong>Auf einen Blick:<\/strong><\/p>\n\n\n\n<ul class=\"wp-block-list\"><li>Start jederzeit m\u00f6glich! <strong>Achtung:<\/strong> Wird Baf\u00f6g beantragt,&nbsp; ist ein Start j\u00e4hrlich zwischen dem 01.09.-31.10. m\u00f6glich.<\/li><li>Dauer: 24 Monate<\/li><\/ul>\n\n\n\n<p><\/p>\n\n\n\n<p><\/p>\n\n\n\n<p class=\"has-text-align-center\">Weitere Informationen zu <a href=\"http:\/\/bahnbasic.de\/?page_id=130\"><strong>Inhalten<\/strong><\/a> und zur <strong><a href=\"https:\/\/bahnbasic.de\/?p=385\">Anmeldung<\/a> <\/strong><\/p>\n","protected":false},"excerpt":{"rendered":"<p>Was ist der &#8222;Meister f\u00fcr Bahnverkehr &#8211; Bachelor Professional f\u00fcr Bahnverkehr (IHK)&#8222; Mitarbeiter mit eisenbahnspezifischen Berufen, wie bspw. Triebfahrzeugf\u00fchrer, Zugbegleiter, Disponenten oder Mitarbeiter aus der Instandhaltung, bietet die Fortbildung zum &#8222;Meister\/in f\u00fcr Bahnverkehr &#8211; Bachelor Professional f\u00fcr Bahnverkehr (IHK)&#8220; die M\u00f6glichkeit, aufzusteigen. Die&nbsp;sgd \u2013 Deutschlands f\u00fchrende Fernschule&nbsp;bietet in Kooperation mit der&nbsp;Deutschen Bahn (DB Training)&nbsp;den Fernlehrgang&nbsp;&nbsp;an. [&hellip;]<\/p>\n","protected":false},"author":1,"featured_media":0,"parent":0,"menu_order":0,"comment_status":"closed","ping_status":"closed","template":"","meta":{"footnotes":""},"class_list":["post-41","page","type-page","status-publish","czr-hentry"],"yoast_head":"<!-- This site is optimized with the Yoast SEO plugin v27.5 - https:\/\/yoast.com\/product\/yoast-seo-wordpress\/ -->\n<title>Meister f\u00fcr Bahnverkehr - Alles rund um das Fernstudium - Bahntrainer.de<\/title>\n<meta name=\"description\" content=\"Alles rund um das Fernstudium zum Meister f\u00fcr Bahnverkehr, Ablauf, BQ, HQ, F\u00e4cher, Pr\u00fcfungen und m\u00f6gliche F\u00f6rderung\" \/>\n<meta name=\"robots\" content=\"index, follow, max-snippet:-1, max-image-preview:large, max-video-preview:-1\" \/>\n<link rel=\"canonical\" href=\"https:\/\/bahnbasic.de\/?page_id=41\" \/>\n<meta property=\"og:locale\" content=\"de_DE\" \/>\n<meta property=\"og:type\" content=\"article\" \/>\n<meta property=\"og:title\" content=\"Meister f\u00fcr Bahnverkehr - Alles rund um das Fernstudium - Bahntrainer.de\" \/>\n<meta property=\"og:description\" content=\"Alles rund um das Fernstudium zum Meister f\u00fcr Bahnverkehr, Ablauf, BQ, HQ, F\u00e4cher, Pr\u00fcfungen und m\u00f6gliche F\u00f6rderung\" \/>\n<meta property=\"og:url\" content=\"https:\/\/bahnbasic.de\/?page_id=41\" \/>\n<meta property=\"og:site_name\" content=\"Bahntrainer.de\" \/>\n<meta property=\"article:modified_time\" content=\"2022-01-04T18:36:41+00:00\" \/>\n<meta property=\"og:image\" content=\"https:\/\/bahnbasic.de\/wp-content\/uploads\/2021\/05\/2-2.jpg\" \/>\n<meta name=\"twitter:card\" content=\"summary_large_image\" \/>\n<meta name=\"twitter:label1\" content=\"Gesch\u00e4tzte Lesezeit\" \/>\n\t<meta name=\"twitter:data1\" content=\"2\u00a0Minuten\" \/>\n<script type=\"application\/ld+json\" class=\"yoast-schema-graph\">{\"@context\":\"https:\\\/\\\/schema.org\",\"@graph\":[{\"@type\":\"WebPage\",\"@id\":\"https:\\\/\\\/bahnbasic.de\\\/?page_id=41\",\"url\":\"https:\\\/\\\/bahnbasic.de\\\/?page_id=41\",\"name\":\"Meister f\u00fcr Bahnverkehr - Alles rund um das Fernstudium - Bahntrainer.de\",\"isPartOf\":{\"@id\":\"https:\\\/\\\/bahnbasic.de\\\/#website\"},\"primaryImageOfPage\":{\"@id\":\"https:\\\/\\\/bahnbasic.de\\\/?page_id=41#primaryimage\"},\"image\":{\"@id\":\"https:\\\/\\\/bahnbasic.de\\\/?page_id=41#primaryimage\"},\"thumbnailUrl\":\"https:\\\/\\\/bahnbasic.de\\\/wp-content\\\/uploads\\\/2021\\\/05\\\/2-2.jpg\",\"datePublished\":\"2021-04-19T17:44:04+00:00\",\"dateModified\":\"2022-01-04T18:36:41+00:00\",\"description\":\"Alles rund um das Fernstudium zum Meister f\u00fcr Bahnverkehr, Ablauf, BQ, HQ, F\u00e4cher, Pr\u00fcfungen und m\u00f6gliche F\u00f6rderung\",\"breadcrumb\":{\"@id\":\"https:\\\/\\\/bahnbasic.de\\\/?page_id=41#breadcrumb\"},\"inLanguage\":\"de\",\"potentialAction\":[{\"@type\":\"ReadAction\",\"target\":[\"https:\\\/\\\/bahnbasic.de\\\/?page_id=41\"]}]},{\"@type\":\"ImageObject\",\"inLanguage\":\"de\",\"@id\":\"https:\\\/\\\/bahnbasic.de\\\/?page_id=41#primaryimage\",\"url\":\"https:\\\/\\\/bahnbasic.de\\\/wp-content\\\/uploads\\\/2021\\\/05\\\/2-2.jpg\",\"contentUrl\":\"https:\\\/\\\/bahnbasic.de\\\/wp-content\\\/uploads\\\/2021\\\/05\\\/2-2.jpg\",\"width\":1600,\"height\":500,\"caption\":\"Test\"},{\"@type\":\"BreadcrumbList\",\"@id\":\"https:\\\/\\\/bahnbasic.de\\\/?page_id=41#breadcrumb\",\"itemListElement\":[{\"@type\":\"ListItem\",\"position\":1,\"name\":\"Startseite\",\"item\":\"https:\\\/\\\/bahnbasic.de\\\/\"},{\"@type\":\"ListItem\",\"position\":2,\"name\":\"Meister f\u00fcr Bahnverkehr\"}]},{\"@type\":\"WebSite\",\"@id\":\"https:\\\/\\\/bahnbasic.de\\\/#website\",\"url\":\"https:\\\/\\\/bahnbasic.de\\\/\",\"name\":\"Bahntrainer.de\",\"description\":\"Wissen rund um Training, Weiterbildung und Bahnbetrieb\",\"publisher\":{\"@id\":\"https:\\\/\\\/bahnbasic.de\\\/#organization\"},\"potentialAction\":[{\"@type\":\"SearchAction\",\"target\":{\"@type\":\"EntryPoint\",\"urlTemplate\":\"https:\\\/\\\/bahnbasic.de\\\/?s={search_term_string}\"},\"query-input\":{\"@type\":\"PropertyValueSpecification\",\"valueRequired\":true,\"valueName\":\"search_term_string\"}}],\"inLanguage\":\"de\"},{\"@type\":\"Organization\",\"@id\":\"https:\\\/\\\/bahnbasic.de\\\/#organization\",\"name\":\"Bahntrainer.de\",\"url\":\"https:\\\/\\\/bahnbasic.de\\\/\",\"logo\":{\"@type\":\"ImageObject\",\"inLanguage\":\"de\",\"@id\":\"https:\\\/\\\/bahnbasic.de\\\/#\\\/schema\\\/logo\\\/image\\\/\",\"url\":\"https:\\\/\\\/bahnbasic.de\\\/wp-content\\\/uploads\\\/2021\\\/04\\\/logo_white_background-scaled.jpg\",\"contentUrl\":\"https:\\\/\\\/bahnbasic.de\\\/wp-content\\\/uploads\\\/2021\\\/04\\\/logo_white_background-scaled.jpg\",\"width\":2560,\"height\":708,\"caption\":\"Bahntrainer.de\"},\"image\":{\"@id\":\"https:\\\/\\\/bahnbasic.de\\\/#\\\/schema\\\/logo\\\/image\\\/\"}}]}<\/script>\n<!-- \/ Yoast SEO plugin. -->","yoast_head_json":{"title":"Meister f\u00fcr Bahnverkehr - Alles rund um das Fernstudium - Bahntrainer.de","description":"Alles rund um das Fernstudium zum Meister f\u00fcr Bahnverkehr, Ablauf, BQ, HQ, F\u00e4cher, Pr\u00fcfungen und m\u00f6gliche F\u00f6rderung","robots":{"index":"index","follow":"follow","max-snippet":"max-snippet:-1","max-image-preview":"max-image-preview:large","max-video-preview":"max-video-preview:-1"},"canonical":"https:\/\/bahnbasic.de\/?page_id=41","og_locale":"de_DE","og_type":"article","og_title":"Meister f\u00fcr Bahnverkehr - Alles rund um das Fernstudium - Bahntrainer.de","og_description":"Alles rund um das Fernstudium zum Meister f\u00fcr Bahnverkehr, Ablauf, BQ, HQ, F\u00e4cher, Pr\u00fcfungen und m\u00f6gliche F\u00f6rderung","og_url":"https:\/\/bahnbasic.de\/?page_id=41","og_site_name":"Bahntrainer.de","article_modified_time":"2022-01-04T18:36:41+00:00","og_image":[{"url":"https:\/\/bahnbasic.de\/wp-content\/uploads\/2021\/05\/2-2.jpg","type":"","width":"","height":""}],"twitter_card":"summary_large_image","twitter_misc":{"Gesch\u00e4tzte Lesezeit":"2\u00a0Minuten"},"schema":{"@context":"https:\/\/schema.org","@graph":[{"@type":"WebPage","@id":"https:\/\/bahnbasic.de\/?page_id=41","url":"https:\/\/bahnbasic.de\/?page_id=41","name":"Meister f\u00fcr Bahnverkehr - Alles rund um das Fernstudium - Bahntrainer.de","isPartOf":{"@id":"https:\/\/bahnbasic.de\/#website"},"primaryImageOfPage":{"@id":"https:\/\/bahnbasic.de\/?page_id=41#primaryimage"},"image":{"@id":"https:\/\/bahnbasic.de\/?page_id=41#primaryimage"},"thumbnailUrl":"https:\/\/bahnbasic.de\/wp-content\/uploads\/2021\/05\/2-2.jpg","datePublished":"2021-04-19T17:44:04+00:00","dateModified":"2022-01-04T18:36:41+00:00","description":"Alles rund um das Fernstudium zum Meister f\u00fcr Bahnverkehr, Ablauf, BQ, HQ, F\u00e4cher, Pr\u00fcfungen und m\u00f6gliche F\u00f6rderung","breadcrumb":{"@id":"https:\/\/bahnbasic.de\/?page_id=41#breadcrumb"},"inLanguage":"de","potentialAction":[{"@type":"ReadAction","target":["https:\/\/bahnbasic.de\/?page_id=41"]}]},{"@type":"ImageObject","inLanguage":"de","@id":"https:\/\/bahnbasic.de\/?page_id=41#primaryimage","url":"https:\/\/bahnbasic.de\/wp-content\/uploads\/2021\/05\/2-2.jpg","contentUrl":"https:\/\/bahnbasic.de\/wp-content\/uploads\/2021\/05\/2-2.jpg","width":1600,"height":500,"caption":"Test"},{"@type":"BreadcrumbList","@id":"https:\/\/bahnbasic.de\/?page_id=41#breadcrumb","itemListElement":[{"@type":"ListItem","position":1,"name":"Startseite","item":"https:\/\/bahnbasic.de\/"},{"@type":"ListItem","position":2,"name":"Meister f\u00fcr Bahnverkehr"}]},{"@type":"WebSite","@id":"https:\/\/bahnbasic.de\/#website","url":"https:\/\/bahnbasic.de\/","name":"Bahntrainer.de","description":"Wissen rund um Training, Weiterbildung und Bahnbetrieb","publisher":{"@id":"https:\/\/bahnbasic.de\/#organization"},"potentialAction":[{"@type":"SearchAction","target":{"@type":"EntryPoint","urlTemplate":"https:\/\/bahnbasic.de\/?s={search_term_string}"},"query-input":{"@type":"PropertyValueSpecification","valueRequired":true,"valueName":"search_term_string"}}],"inLanguage":"de"},{"@type":"Organization","@id":"https:\/\/bahnbasic.de\/#organization","name":"Bahntrainer.de","url":"https:\/\/bahnbasic.de\/","logo":{"@type":"ImageObject","inLanguage":"de","@id":"https:\/\/bahnbasic.de\/#\/schema\/logo\/image\/","url":"https:\/\/bahnbasic.de\/wp-content\/uploads\/2021\/04\/logo_white_background-scaled.jpg","contentUrl":"https:\/\/bahnbasic.de\/wp-content\/uploads\/2021\/04\/logo_white_background-scaled.jpg","width":2560,"height":708,"caption":"Bahntrainer.de"},"image":{"@id":"https:\/\/bahnbasic.de\/#\/schema\/logo\/image\/"}}]}},"_links":{"self":[{"href":"https:\/\/bahnbasic.de\/index.php?rest_route=\/wp\/v2\/pages\/41","targetHints":{"allow":["GET"]}}],"collection":[{"href":"https:\/\/bahnbasic.de\/index.php?rest_route=\/wp\/v2\/pages"}],"about":[{"href":"https:\/\/bahnbasic.de\/index.php?rest_route=\/wp\/v2\/types\/page"}],"author":[{"embeddable":true,"href":"https:\/\/bahnbasic.de\/index.php?rest_route=\/wp\/v2\/users\/1"}],"replies":[{"embeddable":true,"href":"https:\/\/bahnbasic.de\/index.php?rest_route=%2Fwp%2Fv2%2Fcomments&post=41"}],"version-history":[{"count":32,"href":"https:\/\/bahnbasic.de\/index.php?rest_route=\/wp\/v2\/pages\/41\/revisions"}],"predecessor-version":[{"id":638,"href":"https:\/\/bahnbasic.de\/index.php?rest_route=\/wp\/v2\/pages\/41\/revisions\/638"}],"wp:attachment":[{"href":"https:\/\/bahnbasic.de\/index.php?rest_route=%2Fwp%2Fv2%2Fmedia&parent=41"}],"curies":[{"name":"wp","href":"https:\/\/api.w.org\/{rel}","templated":true}]}}