{"id":4,"date":"2021-04-18T15:45:59","date_gmt":"2021-04-18T15:45:59","guid":{"rendered":"https:\/\/bahnbasic.de\/?page_id=4"},"modified":"2025-07-14T18:27:53","modified_gmt":"2025-07-14T18:27:53","slug":"willkommen-auf-https-bahnbasic-de","status":"publish","type":"page","link":"https:\/\/bahnbasic.de\/","title":{"rendered":"Willkommen!"},"content":{"rendered":"\r\n<h2 class=\"wp-block-heading\">Bahn-SketchNotes<\/h2>\r\n<p>In K\u00fcrze finden Sie hier Bahn-Sketchnotes!<\/p>\r\n<p><img loading=\"lazy\" decoding=\"async\" class=\"alignnone size-full wp-image-711\" src=\"https:\/\/bahnbasic.de\/wp-content\/uploads\/2025\/07\/Grundwissen-Bahn.webp\" alt=\"\" width=\"2560\" height=\"414\" srcset=\"https:\/\/bahnbasic.de\/wp-content\/uploads\/2025\/07\/Grundwissen-Bahn.webp 2560w, https:\/\/bahnbasic.de\/wp-content\/uploads\/2025\/07\/Grundwissen-Bahn-300x49.webp 300w, https:\/\/bahnbasic.de\/wp-content\/uploads\/2025\/07\/Grundwissen-Bahn-1024x166.webp 1024w, https:\/\/bahnbasic.de\/wp-content\/uploads\/2025\/07\/Grundwissen-Bahn-768x124.webp 768w, https:\/\/bahnbasic.de\/wp-content\/uploads\/2025\/07\/Grundwissen-Bahn-1536x248.webp 1536w, https:\/\/bahnbasic.de\/wp-content\/uploads\/2025\/07\/Grundwissen-Bahn-2048x331.webp 2048w\" sizes=\"auto, (max-width: 2560px) 100vw, 2560px\" \/><\/p>\r\n<p>&nbsp;<\/p>\r\n<h2>Fachbuchempfehlung<\/h2>\r\n<h4>Was ist der Unterschied zwischen einem Fahrweg und einer Fahrstra\u00dfe?<\/h4>\r\n<h4>\r\n\r\n<\/h4>\r\n<h4 class=\"has-text-align-right wp-block-heading\">Wie erfolgt die Fahrt im Gegengleis aus Sicht des Tf und des Fdl?<\/h4>\r\n<h4>\r\n\r\n<\/h4>\r\n<h4 class=\"wp-block-heading\">Und wie l\u00e4uft eine Sperrfahrt aus Sicht des Tf und des Fdl ab?<\/h4>\r\n<h4>\r\n\r\n\r\n\r\n<\/h4>\r\n\r\n\r\n\r\n\r\n\r\n<p class=\"has-text-align-center\">\u00a0<\/p>\r\n\r\n\r\n\r\n<section id=\"section-e250ed66-5387-4b4b-9437-51b7056509cd\" class=\"wp-block-gutentor-featured-block gutentor-section gutentor-featured-block featured-template1\">\r\n<div class=\"grid-container\">\r\n<div class=\"gutentor-block-header\">\r\n<div class=\"gutentor-section-title text-center\">\r\n<h3 class=\"gutentor-title\"><strong>Antworten auf diese Fragen und noch mehr:<\/strong><\/h3>\r\n<\/div>\r\n<\/div>\r\n<div class=\"gutentor-grid-item-wrap\">\r\n<div class=\"gutentor-single-item\">\r\n<div class=\"grid-row\">\r\n<div class=\"grid-md-6\">\r\n<div class=\"gutentor-single-item-image-box\">\r\n<div class=\"gutentor-image-thumb\"><img loading=\"lazy\" decoding=\"async\" class=\"normal-image\" src=\"https:\/\/bahnbasic.de\/wp-content\/uploads\/2022\/08\/buchcover-tf-system-bahn.png\" alt=\"Tf im System Bahn\" width=\"284\" height=\"491\" \/><\/div>\r\n<\/div>\r\n<\/div>\r\n<div class=\"grid-md-6\">\r\n<div class=\"gutentor-single-item-content\">\r\n<div class=\"gutentor-featured-content\">\r\n<h3 class=\"gutentor-single-item-title\"><br \/><br \/><br \/><br \/><br \/><br \/><br \/><br \/><br \/>Triebfahrzeugf\u00fchrer<br \/>im System Bahn<br \/><br \/><\/h3>\r\n<p class=\"gutentor-single-item-desc\"><a href=\"https:\/\/www.bahn-fachverlag.de\/shop\/vorschau\/triebfahrzeugfuehrer-im-system-bahn\/\" target=\"_blank\" rel=\"noreferrer noopener\">Jetzt bestellen!<\/a><\/p>\r\n<\/div>\r\n<\/div>\r\n<\/div>\r\n<\/div>\r\n<\/div>\r\n<\/div>\r\n<\/div>\r\n<\/section>\r\n\r\n\r\n\r\n<section id=\"section-2fb92eb8-ae91-4555-8a17-e6efda25ec9f\" class=\"wp-block-gutentor-divider section-2fb92eb8-ae91-4555-8a17-e6efda25ec9f gutentor-element gutentor-section gutentor-divider text-center\">\r\n<div class=\"grid-container\">\r\n<div class=\"gutentor-divider-box\">\u00a0<\/div>\r\n<\/div>\r\n<\/section>\r\n\r\n\r\n\r\n<p>\u201eTriebfahrzeugf\u00fchrer im System Bahn\u201c veranschaulicht praxisrelevantes Wissen f\u00fcr einen reibungslosen Eisenbahnbetrieb anhand konkreter Beispiele. Das Wissen an der Schnittstelle des Triebfahrzeugf\u00fchrers zum Fahrdienstleiter, aber auch zu anderen Bereichen, bspw. der Disposition von Eisenbahninfrastruktur- und Eisenbahnverkehrsunternehmen, ist unabdingbar f\u00fcr das reibungslose Funktionieren des Bahnbetriebs.<\/p>\r\n\r\n\r\n\r\n<p>Darin werden u. a. die Zugbildung und -vorbereitung, die Abfahrt eines Zuges, die Fahrt im Regel- und Gegengleis sowie das Rangieren erl\u00e4utert. Auch Wissenswertes f\u00fcr Triebfahrzeugf\u00fchrer zu Unregelm\u00e4\u00dfigkeiten sowie betrieblichen Besonderheiten werden beschrieben. Zahlreiche Grafiken erleichtern das Verst\u00e4ndnis der betrieblichen Zusammenh\u00e4nge. Am Ende jedes Kapitels finden sich zur Veranschaulichung kompakt die jeweiligen Signale sowie eine grafische Zusammenfassung.<\/p>\r\n\r\n\r\n\r\n<p>Wiederholungsaufgaben runden jedes Kapitel ab und dienen der Selbst\u00fcberpr\u00fcfung. \u201eTriebfahrzeugf\u00fchrer im System Bahn\u201c erscheint in der BFV-PRAXIS-Reihe in der ersten Auflage und ber\u00fccksichtigt das Betriebsregelwerk des VDV sowie die Fahrdienstvorschrift Ril 408.<\/p>\r\n\r\n\r\n\r\n<p>Es richtet sich an Triebfahrzeugf\u00fchrer*innen und Fahrdienstleiter*innen mit Berufserfahrung sowie an Berufseinsteiger*innen und Eisenbahninteressierte.<\/p>\r\n\r\n\r\n\r\n<section id=\"section-cb8efe70-7cd8-446a-82ad-9c0726359832\" class=\"wp-block-gutentor-divider section-cb8efe70-7cd8-446a-82ad-9c0726359832 gutentor-element gutentor-section gutentor-divider text-center\">\r\n<div class=\"grid-container\">\r\n<div class=\"gutentor-divider-box\">\u00a0<\/div>\r\n<\/div>\r\n<\/section>\r\n\r\n\r\n\r\n<h4 class=\"wp-block-heading\">Zielgruppen<\/h4>\r\n\r\n\r\n\r\n<ul class=\"wp-block-list\">\r\n<li>Triebfahrzeugf\u00fchrer*innen<\/li>\r\n<li>Fahrdienstleiter*innen<\/li>\r\n<li>Weichenw\u00e4rter*innen<\/li>\r\n<li>Trainer*innen Bahnbetrieb<\/li>\r\n<li>Betriebliche F\u00fchrungskr\u00e4fte<\/li>\r\n<li>Rangierer*innen<\/li>\r\n<li>Disponent*innen<\/li>\r\n<li>Eisenbahnbetriebsleiter*innen<\/li>\r\n<li>Fachwirt*innen Bahnbetrieb<\/li>\r\n<li>Ingenieur*innen im Netz<\/li>\r\n<li>Mitarbeiter*innen in der Steuerung, Planung, Qualit\u00e4tssicherung von EIU\/EVU<\/li>\r\n<li>Trainees<\/li>\r\n<\/ul>\r\n\r\n\r\n\r\n<section id=\"section-522ea2a0-b29a-4a80-b2ea-cbe4af78a0df\" class=\"wp-block-gutentor-divider section-522ea2a0-b29a-4a80-b2ea-cbe4af78a0df gutentor-element gutentor-section gutentor-divider text-center\">\r\n<div class=\"grid-container\">\r\n<div class=\"gutentor-divider-box\">\u00a0<\/div>\r\n<\/div>\r\n<\/section>\r\n\r\n\r\n\r\n<h4 class=\"wp-block-heading\">Themen<\/h4>\r\n\r\n\r\n\r\n<p>Unterschied zwischen Eisenbahnverkehrs- und\u00a0Eisenbahninfrastrukturunternehmen,\u00a0Beteiligte im Bahnbetrieb, rechtliche Grundlagen,\u00a0Zugvorbereitung, Zugbildung,\u00a0Rangieren,\u00a0Abfahrt eines Zuges,\u00a0Fahrt auf freier Strecke, Fahrplanunterlagen,\u00a0St\u00f6rungen,\u00a0Fahrt im Gegengleis, Gleiswechselbetrieb, Bahnhof,\u00a0Fahrplanhalte, unvorhergesehener Halt am Bahnsteig,\u00a0Zugbeeinflussung, PZB,\u00a0LZB und ETCS-Level 2, LZB-\u00dcbertragungsausfall, Funkausfall bei ETCS-Level 2,\u00a0Sicherung des Bahn\u00fcbergangs durch Triebfahrzeugf\u00fchrer,\u00a0Oberleitungsanlagen, Fahrleitungsschutzstrecken, Verhalten bei Oberleitungsst\u00f6rungen,\u00a0Sperrfahrten, Ablauf beim Nachschieben eines Zuges,\u00a0Verhalten bei Fehlleitung und Zur\u00fccksetzen des Zuges,\u00a0Unregelm\u00e4\u00dfigkeiten, Nothaltauftrag,\u00a0Notruf<\/p>\r\n\r\n\r\n\r\n<section id=\"section-c509817c-96d0-4dac-b578-68554dac801c\" class=\"wp-block-gutentor-divider section-c509817c-96d0-4dac-b578-68554dac801c gutentor-element gutentor-section gutentor-divider text-center\">\r\n<div class=\"grid-container\">\r\n<div class=\"gutentor-divider-box\">\u00a0<\/div>\r\n<\/div>\r\n<\/section>\r\n\r\n\r\n\r\n<p class=\"has-text-align-center\"><strong><a href=\"https:\/\/www.bahn-fachverlag.de\/shop\/vorschau\/triebfahrzeugfuehrer-im-system-bahn\/\" target=\"_blank\" rel=\"noreferrer noopener\">Jetzt bestellen!<\/a><\/strong><\/p>\r\n\r\n\r\n\r\n<section id=\"section-0a53cd8a-b282-4f5d-96e7-7eb21aae576d\" class=\"wp-block-gutentor-divider section-0a53cd8a-b282-4f5d-96e7-7eb21aae576d gutentor-element gutentor-section gutentor-divider text-center\">\r\n<div class=\"grid-container\">\r\n<div class=\"gutentor-divider-box\">\u00a0<\/div>\r\n<\/div>\r\n<\/section>\r\n\r\n\r\n<hr class=\"wp-block-separator has-css-opacity\" \/>\r\n\r\n\r\n<p><strong>Welche neuen Beitr\u00e4ge gibt es auf der Webseite?<\/strong><\/p>\r\n\r\n\r\n<ul class=\"wp-block-latest-posts__list wp-block-latest-posts\"><li><a class=\"wp-block-latest-posts__post-title\" href=\"https:\/\/bahnbasic.de\/?p=714\">Betrieb<\/a><\/li>\n<li><a class=\"wp-block-latest-posts__post-title\" href=\"https:\/\/bahnbasic.de\/?p=651\">B\u00fcchertipps<\/a><\/li>\n<li><a class=\"wp-block-latest-posts__post-title\" href=\"https:\/\/bahnbasic.de\/?p=618\">Fokussiert lernen<\/a><\/li>\n<li><a class=\"wp-block-latest-posts__post-title\" href=\"https:\/\/bahnbasic.de\/?p=520\">Die 10 gr\u00f6\u00dften Fehler bei der berufsbegleitenden Weiterbildung<\/a><\/li>\n<li><a class=\"wp-block-latest-posts__post-title\" href=\"https:\/\/bahnbasic.de\/?p=500\">Was ist eigentlich&#8230; die PZB?<\/a><\/li>\n<\/ul>\r\n\r\n\r\n<p>&nbsp;<\/p>\r\n","protected":false},"excerpt":{"rendered":"<p>Bahn-SketchNotes In K\u00fcrze finden Sie hier Bahn-Sketchnotes! &nbsp; Fachbuchempfehlung Was ist der Unterschied zwischen einem Fahrweg und einer Fahrstra\u00dfe? Wie erfolgt die Fahrt im Gegengleis aus Sicht des Tf und des Fdl? Und wie l\u00e4uft eine Sperrfahrt aus Sicht des Tf und des Fdl ab? \u00a0 \u201eTriebfahrzeugf\u00fchrer im System Bahn\u201c veranschaulicht praxisrelevantes Wissen f\u00fcr einen [&hellip;]<\/p>\n","protected":false},"author":1,"featured_media":0,"parent":0,"menu_order":0,"comment_status":"closed","ping_status":"open","template":"","meta":{"footnotes":""},"class_list":["post-4","page","type-page","status-publish","czr-hentry"],"yoast_head":"<!-- This site is optimized with the Yoast SEO plugin v27.5 - https:\/\/yoast.com\/product\/yoast-seo-wordpress\/ -->\n<title>Wissen rund um Training, Weiterbildung und Bahnbetrieb - Bahntrainer.de<\/title>\n<meta name=\"description\" content=\"Auf dieser Webseite erf\u00e4hrst du alles rund um Training, Weiterbildung und Bahnbetrieb\" \/>\n<meta name=\"robots\" content=\"index, follow, max-snippet:-1, max-image-preview:large, max-video-preview:-1\" \/>\n<link rel=\"canonical\" href=\"https:\/\/bahnbasic.de\/\" \/>\n<meta property=\"og:locale\" content=\"de_DE\" \/>\n<meta property=\"og:type\" content=\"article\" \/>\n<meta property=\"og:title\" content=\"Wissen rund um Training, Weiterbildung und Bahnbetrieb - Bahntrainer.de\" \/>\n<meta property=\"og:description\" content=\"Auf dieser Webseite erf\u00e4hrst du alles rund um Training, Weiterbildung und Bahnbetrieb\" \/>\n<meta property=\"og:url\" content=\"https:\/\/bahnbasic.de\/\" \/>\n<meta property=\"og:site_name\" content=\"Bahntrainer.de\" \/>\n<meta property=\"article:modified_time\" content=\"2025-07-14T18:27:53+00:00\" \/>\n<meta property=\"og:image\" content=\"https:\/\/bahnbasic.de\/wp-content\/uploads\/2025\/07\/Grundwissen-Bahn.webp\" \/>\n<meta name=\"twitter:card\" content=\"summary_large_image\" \/>\n<meta name=\"twitter:label1\" content=\"Gesch\u00e4tzte Lesezeit\" \/>\n\t<meta name=\"twitter:data1\" content=\"3\u00a0Minuten\" \/>\n<script type=\"application\/ld+json\" class=\"yoast-schema-graph\">{\"@context\":\"https:\\\/\\\/schema.org\",\"@graph\":[{\"@type\":\"WebPage\",\"@id\":\"https:\\\/\\\/bahnbasic.de\\\/\",\"url\":\"https:\\\/\\\/bahnbasic.de\\\/\",\"name\":\"Wissen rund um Training, Weiterbildung und Bahnbetrieb - Bahntrainer.de\",\"isPartOf\":{\"@id\":\"https:\\\/\\\/bahnbasic.de\\\/#website\"},\"primaryImageOfPage\":{\"@id\":\"https:\\\/\\\/bahnbasic.de\\\/#primaryimage\"},\"image\":{\"@id\":\"https:\\\/\\\/bahnbasic.de\\\/#primaryimage\"},\"thumbnailUrl\":\"https:\\\/\\\/bahnbasic.de\\\/wp-content\\\/uploads\\\/2025\\\/07\\\/Grundwissen-Bahn.webp\",\"datePublished\":\"2021-04-18T15:45:59+00:00\",\"dateModified\":\"2025-07-14T18:27:53+00:00\",\"description\":\"Auf dieser Webseite erf\u00e4hrst du alles rund um Training, Weiterbildung und Bahnbetrieb\",\"breadcrumb\":{\"@id\":\"https:\\\/\\\/bahnbasic.de\\\/#breadcrumb\"},\"inLanguage\":\"de\",\"potentialAction\":[{\"@type\":\"ReadAction\",\"target\":[\"https:\\\/\\\/bahnbasic.de\\\/\"]}]},{\"@type\":\"ImageObject\",\"inLanguage\":\"de\",\"@id\":\"https:\\\/\\\/bahnbasic.de\\\/#primaryimage\",\"url\":\"https:\\\/\\\/bahnbasic.de\\\/wp-content\\\/uploads\\\/2025\\\/07\\\/Grundwissen-Bahn.webp\",\"contentUrl\":\"https:\\\/\\\/bahnbasic.de\\\/wp-content\\\/uploads\\\/2025\\\/07\\\/Grundwissen-Bahn.webp\",\"width\":2560,\"height\":414},{\"@type\":\"BreadcrumbList\",\"@id\":\"https:\\\/\\\/bahnbasic.de\\\/#breadcrumb\",\"itemListElement\":[{\"@type\":\"ListItem\",\"position\":1,\"name\":\"Startseite\",\"item\":\"https:\\\/\\\/bahnbasic.de\\\/\"},{\"@type\":\"ListItem\",\"position\":2,\"name\":\"Willkommen!\"}]},{\"@type\":\"WebSite\",\"@id\":\"https:\\\/\\\/bahnbasic.de\\\/#website\",\"url\":\"https:\\\/\\\/bahnbasic.de\\\/\",\"name\":\"Bahntrainer.de\",\"description\":\"Wissen rund um Training, Weiterbildung und Bahnbetrieb\",\"publisher\":{\"@id\":\"https:\\\/\\\/bahnbasic.de\\\/#organization\"},\"potentialAction\":[{\"@type\":\"SearchAction\",\"target\":{\"@type\":\"EntryPoint\",\"urlTemplate\":\"https:\\\/\\\/bahnbasic.de\\\/?s={search_term_string}\"},\"query-input\":{\"@type\":\"PropertyValueSpecification\",\"valueRequired\":true,\"valueName\":\"search_term_string\"}}],\"inLanguage\":\"de\"},{\"@type\":\"Organization\",\"@id\":\"https:\\\/\\\/bahnbasic.de\\\/#organization\",\"name\":\"Bahntrainer.de\",\"url\":\"https:\\\/\\\/bahnbasic.de\\\/\",\"logo\":{\"@type\":\"ImageObject\",\"inLanguage\":\"de\",\"@id\":\"https:\\\/\\\/bahnbasic.de\\\/#\\\/schema\\\/logo\\\/image\\\/\",\"url\":\"https:\\\/\\\/bahnbasic.de\\\/wp-content\\\/uploads\\\/2021\\\/04\\\/logo_white_background-scaled.jpg\",\"contentUrl\":\"https:\\\/\\\/bahnbasic.de\\\/wp-content\\\/uploads\\\/2021\\\/04\\\/logo_white_background-scaled.jpg\",\"width\":2560,\"height\":708,\"caption\":\"Bahntrainer.de\"},\"image\":{\"@id\":\"https:\\\/\\\/bahnbasic.de\\\/#\\\/schema\\\/logo\\\/image\\\/\"}}]}<\/script>\n<!-- \/ Yoast SEO plugin. -->","yoast_head_json":{"title":"Wissen rund um Training, Weiterbildung und Bahnbetrieb - Bahntrainer.de","description":"Auf dieser Webseite erf\u00e4hrst du alles rund um Training, Weiterbildung und Bahnbetrieb","robots":{"index":"index","follow":"follow","max-snippet":"max-snippet:-1","max-image-preview":"max-image-preview:large","max-video-preview":"max-video-preview:-1"},"canonical":"https:\/\/bahnbasic.de\/","og_locale":"de_DE","og_type":"article","og_title":"Wissen rund um Training, Weiterbildung und Bahnbetrieb - Bahntrainer.de","og_description":"Auf dieser Webseite erf\u00e4hrst du alles rund um Training, Weiterbildung und Bahnbetrieb","og_url":"https:\/\/bahnbasic.de\/","og_site_name":"Bahntrainer.de","article_modified_time":"2025-07-14T18:27:53+00:00","og_image":[{"url":"https:\/\/bahnbasic.de\/wp-content\/uploads\/2025\/07\/Grundwissen-Bahn.webp","type":"","width":"","height":""}],"twitter_card":"summary_large_image","twitter_misc":{"Gesch\u00e4tzte Lesezeit":"3\u00a0Minuten"},"schema":{"@context":"https:\/\/schema.org","@graph":[{"@type":"WebPage","@id":"https:\/\/bahnbasic.de\/","url":"https:\/\/bahnbasic.de\/","name":"Wissen rund um Training, Weiterbildung und Bahnbetrieb - Bahntrainer.de","isPartOf":{"@id":"https:\/\/bahnbasic.de\/#website"},"primaryImageOfPage":{"@id":"https:\/\/bahnbasic.de\/#primaryimage"},"image":{"@id":"https:\/\/bahnbasic.de\/#primaryimage"},"thumbnailUrl":"https:\/\/bahnbasic.de\/wp-content\/uploads\/2025\/07\/Grundwissen-Bahn.webp","datePublished":"2021-04-18T15:45:59+00:00","dateModified":"2025-07-14T18:27:53+00:00","description":"Auf dieser Webseite erf\u00e4hrst du alles rund um Training, Weiterbildung und Bahnbetrieb","breadcrumb":{"@id":"https:\/\/bahnbasic.de\/#breadcrumb"},"inLanguage":"de","potentialAction":[{"@type":"ReadAction","target":["https:\/\/bahnbasic.de\/"]}]},{"@type":"ImageObject","inLanguage":"de","@id":"https:\/\/bahnbasic.de\/#primaryimage","url":"https:\/\/bahnbasic.de\/wp-content\/uploads\/2025\/07\/Grundwissen-Bahn.webp","contentUrl":"https:\/\/bahnbasic.de\/wp-content\/uploads\/2025\/07\/Grundwissen-Bahn.webp","width":2560,"height":414},{"@type":"BreadcrumbList","@id":"https:\/\/bahnbasic.de\/#breadcrumb","itemListElement":[{"@type":"ListItem","position":1,"name":"Startseite","item":"https:\/\/bahnbasic.de\/"},{"@type":"ListItem","position":2,"name":"Willkommen!"}]},{"@type":"WebSite","@id":"https:\/\/bahnbasic.de\/#website","url":"https:\/\/bahnbasic.de\/","name":"Bahntrainer.de","description":"Wissen rund um Training, Weiterbildung und Bahnbetrieb","publisher":{"@id":"https:\/\/bahnbasic.de\/#organization"},"potentialAction":[{"@type":"SearchAction","target":{"@type":"EntryPoint","urlTemplate":"https:\/\/bahnbasic.de\/?s={search_term_string}"},"query-input":{"@type":"PropertyValueSpecification","valueRequired":true,"valueName":"search_term_string"}}],"inLanguage":"de"},{"@type":"Organization","@id":"https:\/\/bahnbasic.de\/#organization","name":"Bahntrainer.de","url":"https:\/\/bahnbasic.de\/","logo":{"@type":"ImageObject","inLanguage":"de","@id":"https:\/\/bahnbasic.de\/#\/schema\/logo\/image\/","url":"https:\/\/bahnbasic.de\/wp-content\/uploads\/2021\/04\/logo_white_background-scaled.jpg","contentUrl":"https:\/\/bahnbasic.de\/wp-content\/uploads\/2021\/04\/logo_white_background-scaled.jpg","width":2560,"height":708,"caption":"Bahntrainer.de"},"image":{"@id":"https:\/\/bahnbasic.de\/#\/schema\/logo\/image\/"}}]}},"_links":{"self":[{"href":"https:\/\/bahnbasic.de\/index.php?rest_route=\/wp\/v2\/pages\/4","targetHints":{"allow":["GET"]}}],"collection":[{"href":"https:\/\/bahnbasic.de\/index.php?rest_route=\/wp\/v2\/pages"}],"about":[{"href":"https:\/\/bahnbasic.de\/index.php?rest_route=\/wp\/v2\/types\/page"}],"author":[{"embeddable":true,"href":"https:\/\/bahnbasic.de\/index.php?rest_route=\/wp\/v2\/users\/1"}],"replies":[{"embeddable":true,"href":"https:\/\/bahnbasic.de\/index.php?rest_route=%2Fwp%2Fv2%2Fcomments&post=4"}],"version-history":[{"count":58,"href":"https:\/\/bahnbasic.de\/index.php?rest_route=\/wp\/v2\/pages\/4\/revisions"}],"predecessor-version":[{"id":712,"href":"https:\/\/bahnbasic.de\/index.php?rest_route=\/wp\/v2\/pages\/4\/revisions\/712"}],"wp:attachment":[{"href":"https:\/\/bahnbasic.de\/index.php?rest_route=%2Fwp%2Fv2%2Fmedia&parent=4"}],"curies":[{"name":"wp","href":"https:\/\/api.w.org\/{rel}","templated":true}]}}