{"id":21,"date":"2021-04-18T19:24:17","date_gmt":"2021-04-18T19:24:17","guid":{"rendered":"https:\/\/bahnbasic.de\/?page_id=21"},"modified":"2022-01-04T21:19:07","modified_gmt":"2022-01-04T21:19:07","slug":"weiterbildung-nebenbei","status":"publish","type":"page","link":"https:\/\/bahnbasic.de\/?page_id=21","title":{"rendered":"Weiterbildung nebenbei"},"content":{"rendered":"\n<section id=\"gm39b5a9c\" class=\"wp-block-gutentor-m5 section-gm39b5a9c gutentor-module gutentor-module-slider gutentor-slick-a-default-desktop gutentor-module-caption-enabled\"><div class=\"gutentor-module-slider-row\" data-dots=\"false\" data-dotstablet=\"false\" data-dotsmobile=\"false\" data-nextarrow=\"fas fa-angle-right\" data-prevarrow=\"fas fa-angle-left\" data-arrows=\"true\" data-arrowstablet=\"true\" data-arrowsmobile=\"true\" data-fade=\"false\" data-draggable=\"true\" data-infinite=\"false\" data-autoplay=\"false\" data-pauseonfocus=\"true\" data-pauseonhover=\"true\" data-speed=\"300\" data-autoplayspeed=\"300\" data-arrowspositiondesktop=\"gutentor-slick-a-default-desktop\">\n<div id=\"col-gm8b664a\" class=\"wp-block-gutentor-m5-col col-gm8b664a gutentor-slider-item\"><div id=\"section-gm8b664a\" class=\"section-gm8b664a gutentor-col-wrap has-image-normal has-custom-bg\"><img decoding=\"async\" src=\"https:\/\/bahnbasic.de\/wp-content\/uploads\/2021\/05\/1-1.jpg\" alt=\"\" \/><div class=\"gutentor-slider-caption\"><div class=\"grid-container\"><\/div><\/div><\/div><\/div>\n<\/div><\/section>\n\n\n\n<p><em>Sich neben dem Beruf weiterbilden, nach Feierabend oder am Wochenende. Immer mehr Berufst\u00e4tige entscheiden sich daf\u00fcr, sich f\u00fcr die Zukunft besser aufzustellen \u2013 und dennoch nicht auf den Job zu verzichten. In den letzten Jahren hat sich der Markt an berufsbegleitenden Abschl\u00fcssen massiv entwickelt.\u00a0<\/em><\/p>\n\n\n\n<p>Ich selbst habe mich vom Meister zum Master fortgebildet &#8211; immer neben dem Beruf. Ich habe auf den folgenden Seiten meine wichtigen Tipps und Tricks zusammengefasst, wie eine berufsbegleitende Weiterbildung neben dem Job funktionieren kann.<\/p>\n","protected":false},"excerpt":{"rendered":"<p>Sich neben dem Beruf weiterbilden, nach Feierabend oder am Wochenende. Immer mehr Berufst\u00e4tige entscheiden sich daf\u00fcr, sich f\u00fcr die Zukunft besser aufzustellen \u2013 und dennoch nicht auf den Job zu verzichten. In den letzten Jahren hat sich der Markt an berufsbegleitenden Abschl\u00fcssen massiv entwickelt.\u00a0 Ich selbst habe mich vom Meister zum Master fortgebildet &#8211; immer [&hellip;]<\/p>\n","protected":false},"author":1,"featured_media":0,"parent":0,"menu_order":0,"comment_status":"closed","ping_status":"closed","template":"","meta":{"footnotes":""},"class_list":["post-21","page","type-page","status-publish","czr-hentry"],"yoast_head":"<!-- This site is optimized with the Yoast SEO plugin v27.5 - https:\/\/yoast.com\/product\/yoast-seo-wordpress\/ -->\n<title>Weiterbildung nebenbei - Bahntrainer.de<\/title>\n<meta name=\"description\" content=\"Wie klappt die Weiterbildung neben dem Beruf? Strategien, Hinweise und Tipps findest du auf diesen Seiten\" \/>\n<meta name=\"robots\" content=\"index, follow, max-snippet:-1, max-image-preview:large, max-video-preview:-1\" \/>\n<link rel=\"canonical\" href=\"https:\/\/bahnbasic.de\/?page_id=21\" \/>\n<meta property=\"og:locale\" content=\"de_DE\" \/>\n<meta property=\"og:type\" content=\"article\" \/>\n<meta property=\"og:title\" content=\"Weiterbildung nebenbei - Bahntrainer.de\" \/>\n<meta property=\"og:description\" content=\"Wie klappt die Weiterbildung neben dem Beruf? Strategien, Hinweise und Tipps findest du auf diesen Seiten\" \/>\n<meta property=\"og:url\" content=\"https:\/\/bahnbasic.de\/?page_id=21\" \/>\n<meta property=\"og:site_name\" content=\"Bahntrainer.de\" \/>\n<meta property=\"article:modified_time\" content=\"2022-01-04T21:19:07+00:00\" \/>\n<meta property=\"og:image\" content=\"https:\/\/bahnbasic.de\/wp-content\/uploads\/2021\/05\/1-1.jpg\" \/>\n<meta name=\"twitter:card\" content=\"summary_large_image\" \/>\n<meta name=\"twitter:label1\" content=\"Gesch\u00e4tzte Lesezeit\" \/>\n\t<meta name=\"twitter:data1\" content=\"1\u00a0Minute\" \/>\n<script type=\"application\/ld+json\" class=\"yoast-schema-graph\">{\"@context\":\"https:\\\/\\\/schema.org\",\"@graph\":[{\"@type\":\"WebPage\",\"@id\":\"https:\\\/\\\/bahnbasic.de\\\/?page_id=21\",\"url\":\"https:\\\/\\\/bahnbasic.de\\\/?page_id=21\",\"name\":\"Weiterbildung nebenbei - Bahntrainer.de\",\"isPartOf\":{\"@id\":\"https:\\\/\\\/bahnbasic.de\\\/#website\"},\"primaryImageOfPage\":{\"@id\":\"https:\\\/\\\/bahnbasic.de\\\/?page_id=21#primaryimage\"},\"image\":{\"@id\":\"https:\\\/\\\/bahnbasic.de\\\/?page_id=21#primaryimage\"},\"thumbnailUrl\":\"https:\\\/\\\/bahnbasic.de\\\/wp-content\\\/uploads\\\/2021\\\/05\\\/1-1.jpg\",\"datePublished\":\"2021-04-18T19:24:17+00:00\",\"dateModified\":\"2022-01-04T21:19:07+00:00\",\"description\":\"Wie klappt die Weiterbildung neben dem Beruf? Strategien, Hinweise und Tipps findest du auf diesen Seiten\",\"breadcrumb\":{\"@id\":\"https:\\\/\\\/bahnbasic.de\\\/?page_id=21#breadcrumb\"},\"inLanguage\":\"de\",\"potentialAction\":[{\"@type\":\"ReadAction\",\"target\":[\"https:\\\/\\\/bahnbasic.de\\\/?page_id=21\"]}]},{\"@type\":\"ImageObject\",\"inLanguage\":\"de\",\"@id\":\"https:\\\/\\\/bahnbasic.de\\\/?page_id=21#primaryimage\",\"url\":\"https:\\\/\\\/bahnbasic.de\\\/wp-content\\\/uploads\\\/2021\\\/05\\\/1-1.jpg\",\"contentUrl\":\"https:\\\/\\\/bahnbasic.de\\\/wp-content\\\/uploads\\\/2021\\\/05\\\/1-1.jpg\",\"width\":1600,\"height\":500},{\"@type\":\"BreadcrumbList\",\"@id\":\"https:\\\/\\\/bahnbasic.de\\\/?page_id=21#breadcrumb\",\"itemListElement\":[{\"@type\":\"ListItem\",\"position\":1,\"name\":\"Startseite\",\"item\":\"https:\\\/\\\/bahnbasic.de\\\/\"},{\"@type\":\"ListItem\",\"position\":2,\"name\":\"Weiterbildung nebenbei\"}]},{\"@type\":\"WebSite\",\"@id\":\"https:\\\/\\\/bahnbasic.de\\\/#website\",\"url\":\"https:\\\/\\\/bahnbasic.de\\\/\",\"name\":\"Bahntrainer.de\",\"description\":\"Wissen rund um Training, Weiterbildung und Bahnbetrieb\",\"publisher\":{\"@id\":\"https:\\\/\\\/bahnbasic.de\\\/#organization\"},\"potentialAction\":[{\"@type\":\"SearchAction\",\"target\":{\"@type\":\"EntryPoint\",\"urlTemplate\":\"https:\\\/\\\/bahnbasic.de\\\/?s={search_term_string}\"},\"query-input\":{\"@type\":\"PropertyValueSpecification\",\"valueRequired\":true,\"valueName\":\"search_term_string\"}}],\"inLanguage\":\"de\"},{\"@type\":\"Organization\",\"@id\":\"https:\\\/\\\/bahnbasic.de\\\/#organization\",\"name\":\"Bahntrainer.de\",\"url\":\"https:\\\/\\\/bahnbasic.de\\\/\",\"logo\":{\"@type\":\"ImageObject\",\"inLanguage\":\"de\",\"@id\":\"https:\\\/\\\/bahnbasic.de\\\/#\\\/schema\\\/logo\\\/image\\\/\",\"url\":\"https:\\\/\\\/bahnbasic.de\\\/wp-content\\\/uploads\\\/2021\\\/04\\\/logo_white_background-scaled.jpg\",\"contentUrl\":\"https:\\\/\\\/bahnbasic.de\\\/wp-content\\\/uploads\\\/2021\\\/04\\\/logo_white_background-scaled.jpg\",\"width\":2560,\"height\":708,\"caption\":\"Bahntrainer.de\"},\"image\":{\"@id\":\"https:\\\/\\\/bahnbasic.de\\\/#\\\/schema\\\/logo\\\/image\\\/\"}}]}<\/script>\n<!-- \/ Yoast SEO plugin. -->","yoast_head_json":{"title":"Weiterbildung nebenbei - Bahntrainer.de","description":"Wie klappt die Weiterbildung neben dem Beruf? Strategien, Hinweise und Tipps findest du auf diesen Seiten","robots":{"index":"index","follow":"follow","max-snippet":"max-snippet:-1","max-image-preview":"max-image-preview:large","max-video-preview":"max-video-preview:-1"},"canonical":"https:\/\/bahnbasic.de\/?page_id=21","og_locale":"de_DE","og_type":"article","og_title":"Weiterbildung nebenbei - Bahntrainer.de","og_description":"Wie klappt die Weiterbildung neben dem Beruf? Strategien, Hinweise und Tipps findest du auf diesen Seiten","og_url":"https:\/\/bahnbasic.de\/?page_id=21","og_site_name":"Bahntrainer.de","article_modified_time":"2022-01-04T21:19:07+00:00","og_image":[{"url":"https:\/\/bahnbasic.de\/wp-content\/uploads\/2021\/05\/1-1.jpg","type":"","width":"","height":""}],"twitter_card":"summary_large_image","twitter_misc":{"Gesch\u00e4tzte Lesezeit":"1\u00a0Minute"},"schema":{"@context":"https:\/\/schema.org","@graph":[{"@type":"WebPage","@id":"https:\/\/bahnbasic.de\/?page_id=21","url":"https:\/\/bahnbasic.de\/?page_id=21","name":"Weiterbildung nebenbei - Bahntrainer.de","isPartOf":{"@id":"https:\/\/bahnbasic.de\/#website"},"primaryImageOfPage":{"@id":"https:\/\/bahnbasic.de\/?page_id=21#primaryimage"},"image":{"@id":"https:\/\/bahnbasic.de\/?page_id=21#primaryimage"},"thumbnailUrl":"https:\/\/bahnbasic.de\/wp-content\/uploads\/2021\/05\/1-1.jpg","datePublished":"2021-04-18T19:24:17+00:00","dateModified":"2022-01-04T21:19:07+00:00","description":"Wie klappt die Weiterbildung neben dem Beruf? Strategien, Hinweise und Tipps findest du auf diesen Seiten","breadcrumb":{"@id":"https:\/\/bahnbasic.de\/?page_id=21#breadcrumb"},"inLanguage":"de","potentialAction":[{"@type":"ReadAction","target":["https:\/\/bahnbasic.de\/?page_id=21"]}]},{"@type":"ImageObject","inLanguage":"de","@id":"https:\/\/bahnbasic.de\/?page_id=21#primaryimage","url":"https:\/\/bahnbasic.de\/wp-content\/uploads\/2021\/05\/1-1.jpg","contentUrl":"https:\/\/bahnbasic.de\/wp-content\/uploads\/2021\/05\/1-1.jpg","width":1600,"height":500},{"@type":"BreadcrumbList","@id":"https:\/\/bahnbasic.de\/?page_id=21#breadcrumb","itemListElement":[{"@type":"ListItem","position":1,"name":"Startseite","item":"https:\/\/bahnbasic.de\/"},{"@type":"ListItem","position":2,"name":"Weiterbildung nebenbei"}]},{"@type":"WebSite","@id":"https:\/\/bahnbasic.de\/#website","url":"https:\/\/bahnbasic.de\/","name":"Bahntrainer.de","description":"Wissen rund um Training, Weiterbildung und Bahnbetrieb","publisher":{"@id":"https:\/\/bahnbasic.de\/#organization"},"potentialAction":[{"@type":"SearchAction","target":{"@type":"EntryPoint","urlTemplate":"https:\/\/bahnbasic.de\/?s={search_term_string}"},"query-input":{"@type":"PropertyValueSpecification","valueRequired":true,"valueName":"search_term_string"}}],"inLanguage":"de"},{"@type":"Organization","@id":"https:\/\/bahnbasic.de\/#organization","name":"Bahntrainer.de","url":"https:\/\/bahnbasic.de\/","logo":{"@type":"ImageObject","inLanguage":"de","@id":"https:\/\/bahnbasic.de\/#\/schema\/logo\/image\/","url":"https:\/\/bahnbasic.de\/wp-content\/uploads\/2021\/04\/logo_white_background-scaled.jpg","contentUrl":"https:\/\/bahnbasic.de\/wp-content\/uploads\/2021\/04\/logo_white_background-scaled.jpg","width":2560,"height":708,"caption":"Bahntrainer.de"},"image":{"@id":"https:\/\/bahnbasic.de\/#\/schema\/logo\/image\/"}}]}},"_links":{"self":[{"href":"https:\/\/bahnbasic.de\/index.php?rest_route=\/wp\/v2\/pages\/21","targetHints":{"allow":["GET"]}}],"collection":[{"href":"https:\/\/bahnbasic.de\/index.php?rest_route=\/wp\/v2\/pages"}],"about":[{"href":"https:\/\/bahnbasic.de\/index.php?rest_route=\/wp\/v2\/types\/page"}],"author":[{"embeddable":true,"href":"https:\/\/bahnbasic.de\/index.php?rest_route=\/wp\/v2\/users\/1"}],"replies":[{"embeddable":true,"href":"https:\/\/bahnbasic.de\/index.php?rest_route=%2Fwp%2Fv2%2Fcomments&post=21"}],"version-history":[{"count":13,"href":"https:\/\/bahnbasic.de\/index.php?rest_route=\/wp\/v2\/pages\/21\/revisions"}],"predecessor-version":[{"id":650,"href":"https:\/\/bahnbasic.de\/index.php?rest_route=\/wp\/v2\/pages\/21\/revisions\/650"}],"wp:attachment":[{"href":"https:\/\/bahnbasic.de\/index.php?rest_route=%2Fwp%2Fv2%2Fmedia&parent=21"}],"curies":[{"name":"wp","href":"https:\/\/api.w.org\/{rel}","templated":true}]}}