{"id":164,"date":"2021-04-22T13:52:11","date_gmt":"2021-04-22T13:52:11","guid":{"rendered":"https:\/\/bahnbasic.de\/?page_id=164"},"modified":"2021-06-29T04:14:17","modified_gmt":"2021-06-29T04:14:17","slug":"vita","status":"publish","type":"page","link":"https:\/\/bahnbasic.de\/?page_id=164","title":{"rendered":"Vita"},"content":{"rendered":"\n<p class=\"has-text-align-center\"><strong>KERNKOMPETENZEN<\/strong><\/p>\n\n\n\n<ul class=\"wp-block-list\"><li>4 Jahre Erfahrung als Projektleiter in europ\u00e4ischen Projekten (Frankreich, Deutschland, Polen)<\/li><li>8 Jahre Erfahrung als Referent im Systemverbund Bahn<\/li><li>13 Jahre Erfahrung in der Konzeption und Durchf\u00fchrung von Trainings&nbsp;<\/li><li>20 Jahre Erfahrung in der Durchf\u00fchrung des Eisenbahnbetriebs im Personen- und G\u00fcterverkehr<\/li><\/ul>\n\n\n\n<div id=\"section-g9949f9\" class=\"wp-block-gutentor-e6 section-g9949f9 gutentor-element gutentor-element-image text-align-center-desktop\"><div class=\"gutentor-element-image-box\"><div class=\"gutentor-image-thumb\"><img decoding=\"async\" class=\"normal-image\" src=\"https:\/\/bahnbasic.de\/wp-content\/uploads\/2021\/06\/jelitto.jpg\" \/><\/div><\/div><\/div>\n\n\n\n<p class=\"has-text-align-center\"><strong>AUSBILDUNG UND STUDIUM<\/strong><\/p>\n\n\n\n<ul class=\"wp-block-list\"><li>Master of Science \u2013 Europ\u00e4ische Bahnsysteme<\/li><li>Bachelor of Engineering \u2013 Wirtschaftsingenieur<\/li><li>Meister f\u00fcr Bahnverkehr (IHK)<\/li><li>Ausbildung zum Eisenbahner im Betriebsdienst, Fachrichtung Lokf\u00fchrer und Transport<\/li><\/ul>\n\n\n\n<p><\/p>\n\n\n\n<p class=\"has-text-align-center\"><strong>Vita<\/strong><\/p>\n\n\n\n<p><strong>DB Regio AG <\/strong><br>Senior-Projektleiter \/ Experte Bahnbetrieb<br>Seit 2020<\/p>\n\n\n\n<ul class=\"wp-block-list\"><li>Beratung u. A. bei betrieblichen Fragestellungen und Regelungen (Regelwerk\/ Weisungen) an der Schnittstelle Fahrzeug\/Betrieb, ETCS, Bremsthematiken und Abfertigen<\/li><li>Leitung von Arbeitsgruppen und Projekten<\/li><\/ul>\n\n\n\n<p><br><strong>DB Cargo AG<\/strong><br><br><strong>Projektleiter internationale Produktionssysteme und -prozesse<\/strong><br>2016 &#8211; 2020<\/p>\n\n\n\n<ul class=\"wp-block-list\"><li>Projektleitung europ\u00e4ischer Projekte <\/li><li>Entwicklung der Trainingskonzeption sowie Erstellung der Lerninhalte f\u00fcr die Aus- und Fortbildung in Projekten <\/li><\/ul>\n\n\n\n<p><strong>Referent Betriebsmanagement, Prozesse und IT-Anwendungen<\/strong><br>2012 &#8211; 2016<\/p>\n\n\n\n<ul class=\"wp-block-list\"><li>Entwicklung und Optimierung von betrieblichen Prozessen und IT-Anwendungen in der Produktion<\/li><\/ul>\n\n\n\n<p><strong>DB Fernverkehr AG<\/strong><\/p>\n\n\n\n<p><strong>Referent Tf-Hotline<\/strong><br>2011 &#8211; 2012<\/p>\n\n\n\n<ul class=\"wp-block-list\"><li>Aufbau und Gestaltung eines Helpdesks f\u00fcr Triebfahrzeugf\u00fchrer der DB Fernverkehr AG<\/li><\/ul>\n\n\n\n<p><strong>Zertifizierter Trainer f\u00fcr Triebfahrzeugf\u00fchrer<\/strong><br>2008 &#8211; 2011<\/p>\n\n\n\n<ul class=\"wp-block-list\"><li>Konzipieren von Trainings f\u00fcr Triebfahrzeugf\u00fchrer<\/li><li>Durchf\u00fchren von Tf-Ausbildungen<\/li><li>Durchf\u00fchren der regelm\u00e4\u00dfigen Fortbildungsunterrichten&nbsp;<\/li><li>Durchf\u00fchren von Fahrzeugausbildungen<\/li><li>Trainings im Eisenbahnbetriebsfeld&nbsp;<\/li><\/ul>\n\n\n\n<p><strong>Triebfahrzeugf\u00fchrer<\/strong><br>2003 &#8211; 2008<\/p>\n\n\n\n<ul class=\"wp-block-list\"><li>Triebfahrzeugf\u00fchrer im Bereitstellungs- und Streckendienst<\/li><\/ul>\n\n\n\n<p><\/p>\n\n\n\n<p><strong>DB Cargo<\/strong> <strong>AG<\/strong><br>2001 &#8211; 2003<br>Ausbildung zum Eisenbahn im Betriebsdienst, Fachrichtung Lokf\u00fchrer und Transport<\/p>\n","protected":false},"excerpt":{"rendered":"<p>KERNKOMPETENZEN 4 Jahre Erfahrung als Projektleiter in europ\u00e4ischen Projekten (Frankreich, Deutschland, Polen) 8 Jahre Erfahrung als Referent im Systemverbund Bahn 13 Jahre Erfahrung in der Konzeption und Durchf\u00fchrung von Trainings&nbsp; 20 Jahre Erfahrung in der Durchf\u00fchrung des Eisenbahnbetriebs im Personen- und G\u00fcterverkehr AUSBILDUNG UND STUDIUM Master of Science \u2013 Europ\u00e4ische Bahnsysteme Bachelor of Engineering \u2013 [&hellip;]<\/p>\n","protected":false},"author":1,"featured_media":0,"parent":0,"menu_order":0,"comment_status":"closed","ping_status":"closed","template":"","meta":{"footnotes":""},"class_list":["post-164","page","type-page","status-publish","czr-hentry"],"yoast_head":"<!-- This site is optimized with the Yoast SEO plugin v27.3 - https:\/\/yoast.com\/product\/yoast-seo-wordpress\/ -->\n<title>Vita - Bahntrainer.de<\/title>\n<meta name=\"robots\" content=\"index, follow, max-snippet:-1, max-image-preview:large, max-video-preview:-1\" \/>\n<link rel=\"canonical\" href=\"https:\/\/bahnbasic.de\/?page_id=164\" \/>\n<meta property=\"og:locale\" content=\"de_DE\" \/>\n<meta property=\"og:type\" content=\"article\" \/>\n<meta property=\"og:title\" content=\"Vita - Bahntrainer.de\" \/>\n<meta property=\"og:description\" content=\"KERNKOMPETENZEN 4 Jahre Erfahrung als Projektleiter in europ\u00e4ischen Projekten (Frankreich, Deutschland, Polen) 8 Jahre Erfahrung als Referent im Systemverbund Bahn 13 Jahre Erfahrung in der Konzeption und Durchf\u00fchrung von Trainings&nbsp; 20 Jahre Erfahrung in der Durchf\u00fchrung des Eisenbahnbetriebs im Personen- und G\u00fcterverkehr AUSBILDUNG UND STUDIUM Master of Science \u2013 Europ\u00e4ische Bahnsysteme Bachelor of Engineering \u2013 [&hellip;]\" \/>\n<meta property=\"og:url\" content=\"https:\/\/bahnbasic.de\/?page_id=164\" \/>\n<meta property=\"og:site_name\" content=\"Bahntrainer.de\" \/>\n<meta property=\"article:modified_time\" content=\"2021-06-29T04:14:17+00:00\" \/>\n<meta property=\"og:image\" content=\"https:\/\/bahnbasic.de\/wp-content\/uploads\/2021\/06\/jelitto.jpg\" \/>\n<meta name=\"twitter:card\" content=\"summary_large_image\" \/>\n<meta name=\"twitter:label1\" content=\"Gesch\u00e4tzte Lesezeit\" \/>\n\t<meta name=\"twitter:data1\" content=\"2\u00a0Minuten\" \/>\n<script type=\"application\/ld+json\" class=\"yoast-schema-graph\">{\"@context\":\"https:\\\/\\\/schema.org\",\"@graph\":[{\"@type\":\"WebPage\",\"@id\":\"https:\\\/\\\/bahnbasic.de\\\/?page_id=164\",\"url\":\"https:\\\/\\\/bahnbasic.de\\\/?page_id=164\",\"name\":\"Vita - Bahntrainer.de\",\"isPartOf\":{\"@id\":\"https:\\\/\\\/bahnbasic.de\\\/#website\"},\"primaryImageOfPage\":{\"@id\":\"https:\\\/\\\/bahnbasic.de\\\/?page_id=164#primaryimage\"},\"image\":{\"@id\":\"https:\\\/\\\/bahnbasic.de\\\/?page_id=164#primaryimage\"},\"thumbnailUrl\":\"https:\\\/\\\/bahnbasic.de\\\/wp-content\\\/uploads\\\/2021\\\/06\\\/jelitto.jpg\",\"datePublished\":\"2021-04-22T13:52:11+00:00\",\"dateModified\":\"2021-06-29T04:14:17+00:00\",\"breadcrumb\":{\"@id\":\"https:\\\/\\\/bahnbasic.de\\\/?page_id=164#breadcrumb\"},\"inLanguage\":\"de\",\"potentialAction\":[{\"@type\":\"ReadAction\",\"target\":[\"https:\\\/\\\/bahnbasic.de\\\/?page_id=164\"]}]},{\"@type\":\"ImageObject\",\"inLanguage\":\"de\",\"@id\":\"https:\\\/\\\/bahnbasic.de\\\/?page_id=164#primaryimage\",\"url\":\"https:\\\/\\\/bahnbasic.de\\\/wp-content\\\/uploads\\\/2021\\\/06\\\/jelitto.jpg\",\"contentUrl\":\"https:\\\/\\\/bahnbasic.de\\\/wp-content\\\/uploads\\\/2021\\\/06\\\/jelitto.jpg\",\"width\":400,\"height\":554},{\"@type\":\"BreadcrumbList\",\"@id\":\"https:\\\/\\\/bahnbasic.de\\\/?page_id=164#breadcrumb\",\"itemListElement\":[{\"@type\":\"ListItem\",\"position\":1,\"name\":\"Startseite\",\"item\":\"https:\\\/\\\/bahnbasic.de\\\/\"},{\"@type\":\"ListItem\",\"position\":2,\"name\":\"Vita\"}]},{\"@type\":\"WebSite\",\"@id\":\"https:\\\/\\\/bahnbasic.de\\\/#website\",\"url\":\"https:\\\/\\\/bahnbasic.de\\\/\",\"name\":\"Bahntrainer.de\",\"description\":\"Wissen rund um Training, Weiterbildung und Bahnbetrieb\",\"publisher\":{\"@id\":\"https:\\\/\\\/bahnbasic.de\\\/#organization\"},\"potentialAction\":[{\"@type\":\"SearchAction\",\"target\":{\"@type\":\"EntryPoint\",\"urlTemplate\":\"https:\\\/\\\/bahnbasic.de\\\/?s={search_term_string}\"},\"query-input\":{\"@type\":\"PropertyValueSpecification\",\"valueRequired\":true,\"valueName\":\"search_term_string\"}}],\"inLanguage\":\"de\"},{\"@type\":\"Organization\",\"@id\":\"https:\\\/\\\/bahnbasic.de\\\/#organization\",\"name\":\"Bahntrainer.de\",\"url\":\"https:\\\/\\\/bahnbasic.de\\\/\",\"logo\":{\"@type\":\"ImageObject\",\"inLanguage\":\"de\",\"@id\":\"https:\\\/\\\/bahnbasic.de\\\/#\\\/schema\\\/logo\\\/image\\\/\",\"url\":\"https:\\\/\\\/bahnbasic.de\\\/wp-content\\\/uploads\\\/2021\\\/04\\\/logo_white_background-scaled.jpg\",\"contentUrl\":\"https:\\\/\\\/bahnbasic.de\\\/wp-content\\\/uploads\\\/2021\\\/04\\\/logo_white_background-scaled.jpg\",\"width\":2560,\"height\":708,\"caption\":\"Bahntrainer.de\"},\"image\":{\"@id\":\"https:\\\/\\\/bahnbasic.de\\\/#\\\/schema\\\/logo\\\/image\\\/\"}}]}<\/script>\n<!-- \/ Yoast SEO plugin. -->","yoast_head_json":{"title":"Vita - Bahntrainer.de","robots":{"index":"index","follow":"follow","max-snippet":"max-snippet:-1","max-image-preview":"max-image-preview:large","max-video-preview":"max-video-preview:-1"},"canonical":"https:\/\/bahnbasic.de\/?page_id=164","og_locale":"de_DE","og_type":"article","og_title":"Vita - Bahntrainer.de","og_description":"KERNKOMPETENZEN 4 Jahre Erfahrung als Projektleiter in europ\u00e4ischen Projekten (Frankreich, Deutschland, Polen) 8 Jahre Erfahrung als Referent im Systemverbund Bahn 13 Jahre Erfahrung in der Konzeption und Durchf\u00fchrung von Trainings&nbsp; 20 Jahre Erfahrung in der Durchf\u00fchrung des Eisenbahnbetriebs im Personen- und G\u00fcterverkehr AUSBILDUNG UND STUDIUM Master of Science \u2013 Europ\u00e4ische Bahnsysteme Bachelor of Engineering \u2013 [&hellip;]","og_url":"https:\/\/bahnbasic.de\/?page_id=164","og_site_name":"Bahntrainer.de","article_modified_time":"2021-06-29T04:14:17+00:00","og_image":[{"url":"https:\/\/bahnbasic.de\/wp-content\/uploads\/2021\/06\/jelitto.jpg","type":"","width":"","height":""}],"twitter_card":"summary_large_image","twitter_misc":{"Gesch\u00e4tzte Lesezeit":"2\u00a0Minuten"},"schema":{"@context":"https:\/\/schema.org","@graph":[{"@type":"WebPage","@id":"https:\/\/bahnbasic.de\/?page_id=164","url":"https:\/\/bahnbasic.de\/?page_id=164","name":"Vita - Bahntrainer.de","isPartOf":{"@id":"https:\/\/bahnbasic.de\/#website"},"primaryImageOfPage":{"@id":"https:\/\/bahnbasic.de\/?page_id=164#primaryimage"},"image":{"@id":"https:\/\/bahnbasic.de\/?page_id=164#primaryimage"},"thumbnailUrl":"https:\/\/bahnbasic.de\/wp-content\/uploads\/2021\/06\/jelitto.jpg","datePublished":"2021-04-22T13:52:11+00:00","dateModified":"2021-06-29T04:14:17+00:00","breadcrumb":{"@id":"https:\/\/bahnbasic.de\/?page_id=164#breadcrumb"},"inLanguage":"de","potentialAction":[{"@type":"ReadAction","target":["https:\/\/bahnbasic.de\/?page_id=164"]}]},{"@type":"ImageObject","inLanguage":"de","@id":"https:\/\/bahnbasic.de\/?page_id=164#primaryimage","url":"https:\/\/bahnbasic.de\/wp-content\/uploads\/2021\/06\/jelitto.jpg","contentUrl":"https:\/\/bahnbasic.de\/wp-content\/uploads\/2021\/06\/jelitto.jpg","width":400,"height":554},{"@type":"BreadcrumbList","@id":"https:\/\/bahnbasic.de\/?page_id=164#breadcrumb","itemListElement":[{"@type":"ListItem","position":1,"name":"Startseite","item":"https:\/\/bahnbasic.de\/"},{"@type":"ListItem","position":2,"name":"Vita"}]},{"@type":"WebSite","@id":"https:\/\/bahnbasic.de\/#website","url":"https:\/\/bahnbasic.de\/","name":"Bahntrainer.de","description":"Wissen rund um Training, Weiterbildung und Bahnbetrieb","publisher":{"@id":"https:\/\/bahnbasic.de\/#organization"},"potentialAction":[{"@type":"SearchAction","target":{"@type":"EntryPoint","urlTemplate":"https:\/\/bahnbasic.de\/?s={search_term_string}"},"query-input":{"@type":"PropertyValueSpecification","valueRequired":true,"valueName":"search_term_string"}}],"inLanguage":"de"},{"@type":"Organization","@id":"https:\/\/bahnbasic.de\/#organization","name":"Bahntrainer.de","url":"https:\/\/bahnbasic.de\/","logo":{"@type":"ImageObject","inLanguage":"de","@id":"https:\/\/bahnbasic.de\/#\/schema\/logo\/image\/","url":"https:\/\/bahnbasic.de\/wp-content\/uploads\/2021\/04\/logo_white_background-scaled.jpg","contentUrl":"https:\/\/bahnbasic.de\/wp-content\/uploads\/2021\/04\/logo_white_background-scaled.jpg","width":2560,"height":708,"caption":"Bahntrainer.de"},"image":{"@id":"https:\/\/bahnbasic.de\/#\/schema\/logo\/image\/"}}]}},"_links":{"self":[{"href":"https:\/\/bahnbasic.de\/index.php?rest_route=\/wp\/v2\/pages\/164","targetHints":{"allow":["GET"]}}],"collection":[{"href":"https:\/\/bahnbasic.de\/index.php?rest_route=\/wp\/v2\/pages"}],"about":[{"href":"https:\/\/bahnbasic.de\/index.php?rest_route=\/wp\/v2\/types\/page"}],"author":[{"embeddable":true,"href":"https:\/\/bahnbasic.de\/index.php?rest_route=\/wp\/v2\/users\/1"}],"replies":[{"embeddable":true,"href":"https:\/\/bahnbasic.de\/index.php?rest_route=%2Fwp%2Fv2%2Fcomments&post=164"}],"version-history":[{"count":11,"href":"https:\/\/bahnbasic.de\/index.php?rest_route=\/wp\/v2\/pages\/164\/revisions"}],"predecessor-version":[{"id":474,"href":"https:\/\/bahnbasic.de\/index.php?rest_route=\/wp\/v2\/pages\/164\/revisions\/474"}],"wp:attachment":[{"href":"https:\/\/bahnbasic.de\/index.php?rest_route=%2Fwp%2Fv2%2Fmedia&parent=164"}],"curies":[{"name":"wp","href":"https:\/\/api.w.org\/{rel}","templated":true}]}}